{"id":296,"date":"2018-06-05T22:28:06","date_gmt":"2018-06-05T20:28:06","guid":{"rendered":"http:\/\/nucius.org\/?page_id=296"},"modified":"2018-06-05T23:06:07","modified_gmt":"2018-06-05T21:06:07","slug":"disclaimer","status":"publish","type":"page","link":"https:\/\/nucius.org\/en\/contact\/disclaimer\/","title":{"rendered":"Disclaimer"},"content":{"rendered":"<p><strong>Disclaimer\/legal notice:<\/strong><\/p>\n<p>1. Content<br \/>\nThe author reserves the right not to be responsible for the topicality, correctness, completeness or quality of the information provided. Liability claims regarding damage caused by the use of any information provided, including any kind of information which is incomplete or incorrect,will therefore be rejected.<br \/>\nAll offers are not-binding and without obligation. Parts of the pages or the complete publication including all offers and information might be extended, changed or partly or completely deleted by the author without separate announcement.<\/p>\n<p>2. Referrals and links<br \/>\nThe author is not responsible for any contents linked or referred to from his pages &#8211; unless he has full knowledge of illegal contents and would be able to prevent the visitors of his site fromviewing those pages. If any damage occurs by the use of information presented there, only the author of the respective pages might be liable, not the one who has linked to these pages. Furthermore the author is not liable for any postings or messages published by users of discussion boards, guestbooks or mailinglists provided on his page.<\/p>\n<p>3. Copyright<br \/>\nThe author intended not to use any copyrighted material for the publication or, if not possible, to indicate the copyright of the respective object.<br \/>\nThe copyright for any material created by the author is reserved. Any duplication or use of objects such as images, diagrams, sounds or texts in other electronic or printed publications is not permitted without the author&#8217;s agreement.<\/p>\n<p>4. Privacy policy<\/p>\n<p><a href=\"https:\/\/nucius.org\/en\/contact\/privacy-policy\/\">Detailed privacy policy<\/a> <\/p>\n<p>5. Legal validity of this disclaimer<br \/>\nThis disclaimer is to be regarded as part of the internet publication which you were referred from. If sections or individual terms of this statement are not legal or correct, the content or validity of the other parts remain uninfluenced by this fact. <\/p>\n<p><br class=\"clear\"><\/p>\n<p>Source: <a href=\"https:\/\/www.disclaimer.de\/\" title=\"www.disclaimer.de\">disclaimer.de<\/a><\/p>\n<p><a href=\"#\">&uArr; Top<\/a><\/p>\n","protected":false},"excerpt":{"rendered":"<p>Disclaimer\/legal notice: 1. Content The author reserves the right not to be responsible for the topicality, correctness, completeness or quality of the information provided. Liability claims regarding damage caused by the use of any information provided, including any kind of information which is incomplete or incorrect,will therefore be rejected. All [&#8230;]<\/p>\n","protected":false},"author":1,"featured_media":0,"parent":196,"menu_order":3,"comment_status":"closed","ping_status":"closed","template":"","meta":{"spay_email":""},"jetpack_shortlink":"https:\/\/wp.me\/P5hKuj-4M","jetpack-related-posts":[{"id":294,"url":"https:\/\/nucius.org\/en\/contact\/privacy-policy\/","url_meta":{"origin":296,"position":0},"title":"Privacy Policy","date":"5. June 2018","format":false,"excerpt":"Privacy Policy On Nucius.org data protection is of high priority. The use of these Internet pages is in general possible without any indication of personal data; however, if a data subject wants to use special enterprise services via our website, processing of personal data could become necessary. If the processing\u2026","rel":"","context":"Similar post","img":{"alt_text":"","src":"","width":0,"height":0},"classes":[]},{"id":292,"url":"https:\/\/nucius.org\/en\/contact\/imprint\/","url_meta":{"origin":296,"position":1},"title":"Imprint","date":"5. June 2018","format":false,"excerpt":"Supplier identification, imprint: Click here for a more convenient contact form The above information applies to the domain nucius.org (including all subpages and subdomains) as well as to the Twitter and Facebook profiles. See also: Detailed privacy policy, General disclaimer here Please feel free to contact me in the event\u2026","rel":"","context":"Similar post","img":{"alt_text":"","src":"","width":0,"height":0},"classes":[]},{"id":196,"url":"https:\/\/nucius.org\/en\/contact\/","url_meta":{"origin":296,"position":2},"title":"Contact","date":"1. June 2018","format":false,"excerpt":"In case of any questions or suggestions the about-page might answer some things. You can always leave comments to single posts and pages, and if you know more than me (there's a high probability), a comment would make your information accessible to all readers. In any other case or request\u2026","rel":"","context":"Similar post","img":{"alt_text":"","src":"","width":0,"height":0},"classes":[]},{"id":302,"url":"https:\/\/nucius.org\/en\/about\/","url_meta":{"origin":296,"position":3},"title":"About","date":"5. June 2018","format":false,"excerpt":"Nucius.org is a private project on the history of photography, graphics and printing from the 17th to the 20th century. It contains predominantly digital reproductions of historical photographs, prints, engravings, lithographs of the 17th, 18th, 19th and 20th centuries. Some additional stuff is only available in German. Relaunch 2019 Until\u2026","rel":"","context":"Similar post","img":{"alt_text":"","src":"","width":0,"height":0},"classes":[]},{"id":2968,"url":"https:\/\/nucius.org\/en\/","url_meta":{"origin":296,"position":4},"title":"Welcome!","date":"20. September 2020","format":false,"excerpt":"Welcome! Nucius.org is a private website focusing on the history of printing, graphics and photography between 1700 and present day. Most of it's content serves personal purposes, but may in some cases be of interest other people (and is therefore publicly accessible). Newest entries","rel":"","context":"Similar post","img":{"alt_text":"","src":"","width":0,"height":0},"classes":[]},{"id":6,"url":"https:\/\/nucius.org\/kontakt\/datenschutz\/","url_meta":{"origin":296,"position":5},"title":"Datenschutz","date":"31. May 2018","format":false,"excerpt":"English Version Datenschutzerkl\u00e4rung Auf der Webseite Nucius.org genie\u00dft Datenschutz einen hohen Stellenwert. Eine Nutzung dieser Internetseiten ist grunds\u00e4tzlich ohne jede Angabe personenbezogener Daten m\u00f6glich. Sofern eine betroffene Person besondere Services in Anspruch nehmen m\u00f6chte, k\u00f6nnte jedoch eine Verarbeitung personenbezogener Daten erforderlich werden. Ist die Verarbeitung personenbezogener Daten erforderlich und besteht\u2026","rel":"","context":"Similar post","img":{"alt_text":"","src":"","width":0,"height":0},"classes":[]}],"_links":{"self":[{"href":"https:\/\/nucius.org\/en\/wp-json\/wp\/v2\/pages\/296"}],"collection":[{"href":"https:\/\/nucius.org\/en\/wp-json\/wp\/v2\/pages"}],"about":[{"href":"https:\/\/nucius.org\/en\/wp-json\/wp\/v2\/types\/page"}],"author":[{"embeddable":true,"href":"https:\/\/nucius.org\/en\/wp-json\/wp\/v2\/users\/1"}],"replies":[{"embeddable":true,"href":"https:\/\/nucius.org\/en\/wp-json\/wp\/v2\/comments?post=296"}],"version-history":[{"count":3,"href":"https:\/\/nucius.org\/en\/wp-json\/wp\/v2\/pages\/296\/revisions"}],"predecessor-version":[{"id":319,"href":"https:\/\/nucius.org\/en\/wp-json\/wp\/v2\/pages\/296\/revisions\/319"}],"up":[{"embeddable":true,"href":"https:\/\/nucius.org\/en\/wp-json\/wp\/v2\/pages\/196"}],"wp:attachment":[{"href":"https:\/\/nucius.org\/en\/wp-json\/wp\/v2\/media?parent=296"}],"curies":[{"name":"wp","href":"https:\/\/api.w.org\/{rel}","templated":true}]}}