{"id":292,"date":"2018-06-05T22:27:14","date_gmt":"2018-06-05T20:27:14","guid":{"rendered":"http:\/\/nucius.org\/?page_id=292"},"modified":"2019-12-20T02:25:47","modified_gmt":"2019-12-20T01:25:47","slug":"imprint","status":"publish","type":"page","link":"https:\/\/nucius.org\/en\/contact\/imprint\/","title":{"rendered":"Imprint"},"content":{"rendered":"\n<p>Supplier identification, imprint:<\/p>\n\n\n\n<figure class=\"wp-block-image size-large\"><img loading=\"lazy\" width=\"198\" height=\"229\" src=\"http:\/\/nucius.org\/wp-content\/uploads\/2019\/12\/impressum-1.png\" alt=\"\" class=\"wp-image-2662\"\/><\/figure>\n\n\n\n<p><a href=\"https:\/\/nucius.org\/en\/contact\/\">Click here for a more convenient contact form<\/a><\/p>\n\n\n\n<p>The above information applies to the domain nucius.org (including all subpages and subdomains) as well as to the Twitter and Facebook profiles.<\/p>\n\n\n\n<p>See also: <a href=\"https:\/\/nucius.org\/en\/contact\/privacy-policy\/\">Detailed privacy policy<\/a>, <a href=\"https:\/\/nucius.org\/en\/contact\/disclaimer\/\">General disclaimer here<\/a><\/p>\n\n\n\n<p>Please feel free to contact me in the event of questions or corrections, especially if I have infringed proprietary rights or even copyrights despite intensive research.<\/p>\n\n\n\n<p>Please don&#8217;t use the contact form or mail address for detailed questions of art historical or general historical nature.<\/p>\n\n\n\n<p>Requests for printable reproductions and better scans can also be addressed to the mail address above.<\/p>\n\n\n\n<p>The use of published postal addresses, telephone numbers and email addresses for marketing purposes is prohibited.<\/p>\n\n\n\n<p><a href=\"#\">\u21d1 Top<\/a><\/p>\n","protected":false},"excerpt":{"rendered":"<p>Supplier identification, imprint: Click here for a more convenient contact form The above information applies to the domain nucius.org (including all subpages and subdomains) as well as to the Twitter and Facebook profiles. See also: Detailed privacy policy, General disclaimer here Please feel free to contact me in the event [&#8230;]<\/p>\n","protected":false},"author":1,"featured_media":0,"parent":196,"menu_order":1,"comment_status":"closed","ping_status":"closed","template":"","meta":{"spay_email":""},"jetpack_shortlink":"https:\/\/wp.me\/P5hKuj-4I","jetpack-related-posts":[{"id":294,"url":"https:\/\/nucius.org\/en\/contact\/privacy-policy\/","url_meta":{"origin":292,"position":0},"title":"Privacy Policy","date":"5. June 2018","format":false,"excerpt":"Privacy Policy On Nucius.org data protection is of high priority. The use of these Internet pages is in general possible without any indication of personal data; however, if a data subject wants to use special enterprise services via our website, processing of personal data could become necessary. If the processing\u2026","rel":"","context":"Similar post","img":{"alt_text":"","src":"","width":0,"height":0},"classes":[]},{"id":296,"url":"https:\/\/nucius.org\/en\/contact\/disclaimer\/","url_meta":{"origin":292,"position":1},"title":"Disclaimer","date":"5. June 2018","format":false,"excerpt":"Disclaimer\/legal notice: 1. Content The author reserves the right not to be responsible for the topicality, correctness, completeness or quality of the information provided. Liability claims regarding damage caused by the use of any information provided, including any kind of information which is incomplete or incorrect,will therefore be rejected. All\u2026","rel":"","context":"Similar post","img":{"alt_text":"","src":"","width":0,"height":0},"classes":[]},{"id":196,"url":"https:\/\/nucius.org\/en\/contact\/","url_meta":{"origin":292,"position":2},"title":"Contact","date":"1. June 2018","format":false,"excerpt":"In case of any questions or suggestions the about-page might answer some things. You can always leave comments to single posts and pages, and if you know more than me (there's a high probability), a comment would make your information accessible to all readers. In any other case or request\u2026","rel":"","context":"Similar post","img":{"alt_text":"","src":"","width":0,"height":0},"classes":[]},{"id":302,"url":"https:\/\/nucius.org\/en\/about\/","url_meta":{"origin":292,"position":3},"title":"About","date":"5. June 2018","format":false,"excerpt":"Nucius.org is a private project on the history of photography, graphics and printing from the 17th to the 20th century. It contains predominantly digital reproductions of historical photographs, prints, engravings, lithographs of the 17th, 18th, 19th and 20th centuries. Some additional stuff is only available in German. Relaunch 2019 Until\u2026","rel":"","context":"Similar post","img":{"alt_text":"","src":"","width":0,"height":0},"classes":[]},{"id":277,"url":"https:\/\/nucius.org\/kontakt\/impressum\/","url_meta":{"origin":292,"position":4},"title":"Impressum","date":"5. June 2018","format":false,"excerpt":"Anbieterkennzeichnung, Impressum: Hier geht es zum Kontaktformular Die obigen Angaben gelten f\u00fcr die Domain nucius.org (einschlie\u00dflich aller Unterseiten und Subdomains) sowie f\u00fcr die Twitter- und Facebook-Profile. Weitere Informationen: Ausf\u00fchrliche Datenschutzerkl\u00e4rung, Allgemeiner Disclaimer\/Haftungsausschluss. Sprechen Sie mich im Fall von Fragen und Korrekturen gerne an, erst recht, wenn ich trotz einer intensiven\u2026","rel":"","context":"Similar post","img":{"alt_text":"","src":"","width":0,"height":0},"classes":[]},{"id":194,"url":"https:\/\/nucius.org\/kontakt\/","url_meta":{"origin":292,"position":5},"title":"Kontakt","date":"1. June 2018","format":false,"excerpt":"Falls Sie weitergehende Fragen oder Hinweise haben, d\u00fcrfen Sie mir gerne schreiben. Nachfragen zu inhaltlichen, kunstgeschichtlichen oder allgemein historischen Gegenst\u00e4nden kann ich leider nicht beantworten, ebensowenig Recherchen zu abgebildeten Personen, Bauwerken oder Gegenst\u00e4nden durchf\u00fchren. Korrekturen oder Erg\u00e4nzungen sind dar\u00fcber hinaus am besten in den Kommentaren unterhalb der Bildeintr\u00e4ge aufgehoben und\u2026","rel":"","context":"Similar post","img":{"alt_text":"","src":"","width":0,"height":0},"classes":[]}],"_links":{"self":[{"href":"https:\/\/nucius.org\/en\/wp-json\/wp\/v2\/pages\/292"}],"collection":[{"href":"https:\/\/nucius.org\/en\/wp-json\/wp\/v2\/pages"}],"about":[{"href":"https:\/\/nucius.org\/en\/wp-json\/wp\/v2\/types\/page"}],"author":[{"embeddable":true,"href":"https:\/\/nucius.org\/en\/wp-json\/wp\/v2\/users\/1"}],"replies":[{"embeddable":true,"href":"https:\/\/nucius.org\/en\/wp-json\/wp\/v2\/comments?post=292"}],"version-history":[{"count":8,"href":"https:\/\/nucius.org\/en\/wp-json\/wp\/v2\/pages\/292\/revisions"}],"predecessor-version":[{"id":2665,"href":"https:\/\/nucius.org\/en\/wp-json\/wp\/v2\/pages\/292\/revisions\/2665"}],"up":[{"embeddable":true,"href":"https:\/\/nucius.org\/en\/wp-json\/wp\/v2\/pages\/196"}],"wp:attachment":[{"href":"https:\/\/nucius.org\/en\/wp-json\/wp\/v2\/media?parent=292"}],"curies":[{"name":"wp","href":"https:\/\/api.w.org\/{rel}","templated":true}]}}