{"id":196,"date":"2018-06-01T22:21:51","date_gmt":"2018-06-01T20:21:51","guid":{"rendered":"http:\/\/nucius.org\/?page_id=196"},"modified":"2018-06-05T22:34:21","modified_gmt":"2018-06-05T20:34:21","slug":"contact","status":"publish","type":"page","link":"https:\/\/nucius.org\/en\/contact\/","title":{"rendered":"Contact"},"content":{"rendered":"<p>In case of any questions or suggestions the <a href=\"https:\/\/nucius.org\/en\/about\/\">about<\/a>-page might answer some things. You can always leave comments to single posts and pages, and if you know more than me (there&#8217;s a high probability), a comment would make your information accessible to all readers. In any other case or request please don&#8217;t hesitate to write me:<\/p>\n<div id='contact-form-196'>\n<form action='https:\/\/nucius.org\/en\/contact\/#contact-form-196' method='post' class='contact-form commentsblock'>\n<script>\n\t\t\t( function () {\n\t\t\t\tconst contact_forms = document.getElementsByClassName('contact-form');\n\n\t\t\t\tfor ( const form of contact_forms ) {\n\t\t\t\t\tform.onsubmit = function() {\n\t\t\t\t\t\tconst buttons = form.getElementsByTagName('button');\n\n\t\t\t\t\t\tfor( const button of buttons ) {\n\t\t\t\t\t\t\tbutton.setAttribute('disabled', true);\n\t\t\t\t\t\t}\n\t\t\t\t\t}\n\t\t\t\t}\n\t\t\t} )();\n\t\t<\/script>\n<div class='grunion-field-wrap grunion-field-name-wrap'  >\n<label\n\t\t\t\tfor='g196-name'\n\t\t\t\tclass='grunion-field-label name'\n\t\t\t\t>Name<span>(required)<\/span><\/label>\n<input\n\t\t\t\t\ttype='text'\n\t\t\t\t\tname='g196-name'\n\t\t\t\t\tid='g196-name'\n\t\t\t\t\tvalue=''\n\t\t\t\t\tclass='name' \n\t\t\t\t\trequired aria-required='true'\n\t\t\t\t\/>\n\t<\/div>\n\n<div class='grunion-field-wrap grunion-field-email-wrap'  >\n<label\n\t\t\t\tfor='g196-email'\n\t\t\t\tclass='grunion-field-label email'\n\t\t\t\t>E-Mail <span>(required)<\/span><\/label>\n<input\n\t\t\t\t\ttype='email'\n\t\t\t\t\tname='g196-email'\n\t\t\t\t\tid='g196-email'\n\t\t\t\t\tvalue=''\n\t\t\t\t\tclass='email' \n\t\t\t\t\trequired aria-required='true'\n\t\t\t\t\/>\n\t<\/div>\n\n<div class='grunion-field-wrap grunion-field-url-wrap'  >\n<label\n\t\t\t\tfor='g196-website'\n\t\t\t\tclass='grunion-field-label url'\n\t\t\t\t>Website<\/label>\n<input\n\t\t\t\t\ttype='url'\n\t\t\t\t\tname='g196-website'\n\t\t\t\t\tid='g196-website'\n\t\t\t\t\tvalue=''\n\t\t\t\t\tclass='url' \n\t\t\t\t\t\n\t\t\t\t\/>\n\t<\/div>\n\n<div class='grunion-field-wrap grunion-field-textarea-wrap'  >\n<label\n\t\t\t\tfor='contact-form-comment-g196-nachricht'\n\t\t\t\tclass='grunion-field-label textarea'\n\t\t\t\t>Nachricht<\/label>\n<textarea\n\t\t                name='g196-nachricht'\n\t\t                id='contact-form-comment-g196-nachricht'\n\t\t                rows='20' class='textarea'  ><\/textarea>\n\t<\/div>\n\t<p class='contact-submit'>\n\t\t<button type='submit' class='pushbutton-wide'>Submit<\/button>\t\t<input type='hidden' name='contact-form-id' value='196' \/>\n\t\t<input type='hidden' name='action' value='grunion-contact-form' \/>\n\t\t<input type='hidden' name='contact-form-hash' value='95a87c6d7022206a77a91f9e25e5e0df7ce4d953' \/>\n\t<\/p>\n<p style=\"display: none !important;\" class=\"akismet-fields-container\" data-prefix=\"ak_\"><label>&#916;<textarea name=\"ak_hp_textarea\" cols=\"45\" rows=\"8\" maxlength=\"100\"><\/textarea><\/label><input type=\"hidden\" id=\"ak_js_1\" name=\"ak_js\" value=\"226\"\/><script>document.getElementById( \"ak_js_1\" ).setAttribute( \"value\", ( new Date() ).getTime() );<\/script><\/p><\/form>\n<\/div>\n<p>This would be the quick and easy way. Just in case the contact-form doesn&#8217;t work or you&#8217;re prefering another way, the mail address would be: mail at nucius.org<\/p>\n","protected":false},"excerpt":{"rendered":"<p>In case of any questions or suggestions the about-page might answer some things. You can always leave comments to single posts and pages, and if you know more than me (there&#8217;s a high probability), a comment would make your information accessible to all readers. In any other case or request [&#8230;]<\/p>\n","protected":false},"author":1,"featured_media":0,"parent":0,"menu_order":8,"comment_status":"closed","ping_status":"closed","template":"","meta":{"spay_email":""},"jetpack_shortlink":"https:\/\/wp.me\/P5hKuj-3a","jetpack-related-posts":[{"id":294,"url":"https:\/\/nucius.org\/en\/contact\/privacy-policy\/","url_meta":{"origin":196,"position":0},"title":"Privacy Policy","date":"5. June 2018","format":false,"excerpt":"Privacy Policy On Nucius.org data protection is of high priority. The use of these Internet pages is in general possible without any indication of personal data; however, if a data subject wants to use special enterprise services via our website, processing of personal data could become necessary. If the processing\u2026","rel":"","context":"Similar post","img":{"alt_text":"","src":"","width":0,"height":0},"classes":[]},{"id":292,"url":"https:\/\/nucius.org\/en\/contact\/imprint\/","url_meta":{"origin":196,"position":1},"title":"Imprint","date":"5. June 2018","format":false,"excerpt":"Supplier identification, imprint: Click here for a more convenient contact form The above information applies to the domain nucius.org (including all subpages and subdomains) as well as to the Twitter and Facebook profiles. See also: Detailed privacy policy, General disclaimer here Please feel free to contact me in the event\u2026","rel":"","context":"Similar post","img":{"alt_text":"","src":"","width":0,"height":0},"classes":[]},{"id":296,"url":"https:\/\/nucius.org\/en\/contact\/disclaimer\/","url_meta":{"origin":196,"position":2},"title":"Disclaimer","date":"5. June 2018","format":false,"excerpt":"Disclaimer\/legal notice: 1. Content The author reserves the right not to be responsible for the topicality, correctness, completeness or quality of the information provided. Liability claims regarding damage caused by the use of any information provided, including any kind of information which is incomplete or incorrect,will therefore be rejected. All\u2026","rel":"","context":"Similar post","img":{"alt_text":"","src":"","width":0,"height":0},"classes":[]},{"id":302,"url":"https:\/\/nucius.org\/en\/about\/","url_meta":{"origin":196,"position":3},"title":"About","date":"5. June 2018","format":false,"excerpt":"Nucius.org is a private project on the history of photography, graphics and printing from the 17th to the 20th century. It contains predominantly digital reproductions of historical photographs, prints, engravings, lithographs of the 17th, 18th, 19th and 20th centuries. Some additional stuff is only available in German. Relaunch 2019 Until\u2026","rel":"","context":"Similar post","img":{"alt_text":"","src":"","width":0,"height":0},"classes":[]},{"id":2968,"url":"https:\/\/nucius.org\/en\/","url_meta":{"origin":196,"position":4},"title":"Welcome!","date":"20. September 2020","format":false,"excerpt":"Welcome! Nucius.org is a private website focusing on the history of printing, graphics and photography between 1700 and present day. Most of it's content serves personal purposes, but may in some cases be of interest other people (and is therefore publicly accessible). Newest entries","rel":"","context":"Similar post","img":{"alt_text":"","src":"","width":0,"height":0},"classes":[]},{"id":6,"url":"https:\/\/nucius.org\/kontakt\/datenschutz\/","url_meta":{"origin":196,"position":5},"title":"Datenschutz","date":"31. May 2018","format":false,"excerpt":"English Version Datenschutzerkl\u00e4rung Auf der Webseite Nucius.org genie\u00dft Datenschutz einen hohen Stellenwert. Eine Nutzung dieser Internetseiten ist grunds\u00e4tzlich ohne jede Angabe personenbezogener Daten m\u00f6glich. Sofern eine betroffene Person besondere Services in Anspruch nehmen m\u00f6chte, k\u00f6nnte jedoch eine Verarbeitung personenbezogener Daten erforderlich werden. Ist die Verarbeitung personenbezogener Daten erforderlich und besteht\u2026","rel":"","context":"Similar post","img":{"alt_text":"","src":"","width":0,"height":0},"classes":[]}],"_links":{"self":[{"href":"https:\/\/nucius.org\/en\/wp-json\/wp\/v2\/pages\/196"}],"collection":[{"href":"https:\/\/nucius.org\/en\/wp-json\/wp\/v2\/pages"}],"about":[{"href":"https:\/\/nucius.org\/en\/wp-json\/wp\/v2\/types\/page"}],"author":[{"embeddable":true,"href":"https:\/\/nucius.org\/en\/wp-json\/wp\/v2\/users\/1"}],"replies":[{"embeddable":true,"href":"https:\/\/nucius.org\/en\/wp-json\/wp\/v2\/comments?post=196"}],"version-history":[{"count":2,"href":"https:\/\/nucius.org\/en\/wp-json\/wp\/v2\/pages\/196\/revisions"}],"predecessor-version":[{"id":300,"href":"https:\/\/nucius.org\/en\/wp-json\/wp\/v2\/pages\/196\/revisions\/300"}],"wp:attachment":[{"href":"https:\/\/nucius.org\/en\/wp-json\/wp\/v2\/media?parent=196"}],"curies":[{"name":"wp","href":"https:\/\/api.w.org\/{rel}","templated":true}]}}