{"id":190,"date":"2018-06-01T22:18:46","date_gmt":"2018-06-01T20:18:46","guid":{"rendered":"http:\/\/nucius.org\/?page_id=190"},"modified":"2020-09-26T11:55:32","modified_gmt":"2020-09-26T09:55:32","slug":"home","status":"publish","type":"page","link":"https:\/\/nucius.org\/en\/home\/","title":{"rendered":"Photography: Series &#038; Albums"},"content":{"rendered":"\n<h2>Germany around 1900<\/h2>\n\n\n<div class=\"wp-block-themezee-magazine-blocks-grid tz-magazine-block\"><div class=\"tz-magazine-grid-columns tz-magazine-grid-columns-2\"><div class=\"tz-post-wrap\"><article id=\"post-423\" class=\"tz-magazine-post post-423 post tz-type-post status-publish format-standard has-post-thumbnail hentry category-cities-architecture-photo category-photographs tag-architecture tag-blankenese-en tag-city tag-german-empire-1871-1918 tag-germany-around-1900 tag-hamburg-en tag-harbor-architecture tag-maritime-trade tag-maritime-transport tag-otto-von-bismarck-en tag-photo-book-large tag-sacred-architecture tag-william-i-german-empire\"><figure class=\"tz-entry-image entry-image\"><a href=\"https:\/\/nucius.org\/en\/photographs\/album-of-hamburg-1906-1908\/\" rel=\"bookmark\"><img width=\"2200\" height=\"1677\" src=\"https:\/\/nucius.org\/wp-content\/uploads\/2018\/06\/3-hamburg-1900-jungfernstieg-alsterpavillon.jpg\" class=\"attachment-full size-full wp-post-image\" alt=\"Jungfernstieg with Alsterpavillon\" loading=\"lazy\" srcset=\"https:\/\/nucius.org\/wp-content\/uploads\/2018\/06\/3-hamburg-1900-jungfernstieg-alsterpavillon.jpg 2200w, https:\/\/nucius.org\/wp-content\/uploads\/2018\/06\/3-hamburg-1900-jungfernstieg-alsterpavillon-300x229.jpg 300w, https:\/\/nucius.org\/wp-content\/uploads\/2018\/06\/3-hamburg-1900-jungfernstieg-alsterpavillon-768x585.jpg 768w, https:\/\/nucius.org\/wp-content\/uploads\/2018\/06\/3-hamburg-1900-jungfernstieg-alsterpavillon-1024x781.jpg 1024w, https:\/\/nucius.org\/wp-content\/uploads\/2018\/06\/3-hamburg-1900-jungfernstieg-alsterpavillon-80x60.jpg 80w\" sizes=\"(max-width: 2200px) 100vw, 2200px\" \/><\/a><\/figure><header class=\"tz-entry-header entry-header\"><h2 class=\"tz-entry-title entry-title\"><a href=\"https:\/\/nucius.org\/en\/photographs\/album-of-hamburg-1906-1908\/\" rel=\"bookmark\">Album of Hamburg (1906\/1908)<\/a><\/h2><\/header><\/article><\/div><\/div><\/div>\n\n\n<hr class=\"wp-block-separator\"\/>\n\n\n\n<h2>Pioneers of Photography<\/h2>\n\n\n\n<h3>Eadweard Muybridge: The Human Figure in Motion (1887\/1901)<\/h3>\n\n\n<div class=\"wp-block-themezee-magazine-blocks-grid tz-magazine-block\"><div class=\"tz-magazine-grid-columns tz-magazine-grid-columns-4\"><div class=\"tz-post-wrap\"><article id=\"post-2668\" class=\"tz-magazine-post post-2668 post tz-type-post status-publish format-standard has-post-thumbnail hentry category-eadweard-muybridge-the-human-figure-in-motion tag-eadweard-muybridge tag-eadweard-muybridge-en\"><figure class=\"tz-entry-image entry-image\"><a href=\"https:\/\/nucius.org\/en\/eadweard-muybridge-the-human-figure-in-motion\/eadweard-muybridge-short-biography\/\" rel=\"bookmark\"><img width=\"1200\" height=\"900\" src=\"https:\/\/nucius.org\/wp-content\/uploads\/2019\/12\/Muybridge_Vorschau_Bio.jpg\" class=\"attachment-full size-full wp-post-image\" alt=\"Preview image: Eadweard Muybridge (1830-1904)\" loading=\"lazy\" srcset=\"https:\/\/nucius.org\/wp-content\/uploads\/2019\/12\/Muybridge_Vorschau_Bio.jpg 1200w, https:\/\/nucius.org\/wp-content\/uploads\/2019\/12\/Muybridge_Vorschau_Bio-300x225.jpg 300w, https:\/\/nucius.org\/wp-content\/uploads\/2019\/12\/Muybridge_Vorschau_Bio-1024x768.jpg 1024w, https:\/\/nucius.org\/wp-content\/uploads\/2019\/12\/Muybridge_Vorschau_Bio-768x576.jpg 768w, https:\/\/nucius.org\/wp-content\/uploads\/2019\/12\/Muybridge_Vorschau_Bio-840x630.jpg 840w, https:\/\/nucius.org\/wp-content\/uploads\/2019\/12\/Muybridge_Vorschau_Bio-440x330.jpg 440w\" sizes=\"(max-width: 1200px) 100vw, 1200px\" \/><\/a><\/figure><header class=\"tz-entry-header entry-header\"><h2 class=\"tz-entry-title entry-title\"><a href=\"https:\/\/nucius.org\/en\/eadweard-muybridge-the-human-figure-in-motion\/eadweard-muybridge-short-biography\/\" rel=\"bookmark\">Eadweard Muybridge: Short biography<\/a><\/h2><\/header><\/article><\/div><div class=\"tz-post-wrap\"><article id=\"post-2632\" class=\"tz-magazine-post post-2632 post tz-type-post status-publish format-standard has-post-thumbnail hentry category-eadweard-muybridge-the-human-figure-in-motion tag-eadweard-muybridge-en\"><figure class=\"tz-entry-image entry-image\"><a href=\"https:\/\/nucius.org\/en\/eadweard-muybridge-the-human-figure-in-motion\/eadweard-muybridge-the-human-figure-in-motion-introduction-catalogue-of-illustrations-1887-1901\/\" rel=\"bookmark\"><img width=\"1200\" height=\"900\" src=\"https:\/\/nucius.org\/wp-content\/uploads\/2019\/12\/Muybridge_Vorschau_Intro.jpg\" class=\"attachment-full size-full wp-post-image\" alt=\"Preview image: The Human Figure in Motion: Intro\" loading=\"lazy\" srcset=\"https:\/\/nucius.org\/wp-content\/uploads\/2019\/12\/Muybridge_Vorschau_Intro.jpg 1200w, https:\/\/nucius.org\/wp-content\/uploads\/2019\/12\/Muybridge_Vorschau_Intro-300x225.jpg 300w, https:\/\/nucius.org\/wp-content\/uploads\/2019\/12\/Muybridge_Vorschau_Intro-1024x768.jpg 1024w, https:\/\/nucius.org\/wp-content\/uploads\/2019\/12\/Muybridge_Vorschau_Intro-768x576.jpg 768w, https:\/\/nucius.org\/wp-content\/uploads\/2019\/12\/Muybridge_Vorschau_Intro-840x630.jpg 840w, https:\/\/nucius.org\/wp-content\/uploads\/2019\/12\/Muybridge_Vorschau_Intro-440x330.jpg 440w\" sizes=\"(max-width: 1200px) 100vw, 1200px\" \/><\/a><\/figure><header class=\"tz-entry-header entry-header\"><h2 class=\"tz-entry-title entry-title\"><a href=\"https:\/\/nucius.org\/en\/eadweard-muybridge-the-human-figure-in-motion\/eadweard-muybridge-the-human-figure-in-motion-introduction-catalogue-of-illustrations-1887-1901\/\" rel=\"bookmark\">Eadweard Muybridge: The Human Figure in Motion. Introduction, catalogue of illustrations (1887\/1901)<\/a><\/h2><\/header><\/article><\/div><div class=\"tz-post-wrap\"><article id=\"post-2713\" class=\"tz-magazine-post post-2713 post tz-type-post status-publish format-standard has-post-thumbnail hentry category-eadweard-muybridge-the-human-figure-in-motion category-photographs category-portrait-people tag-burst-mode tag-chronophotography tag-eadweard-muybridge-en tag-film-pioneer tag-motion-studies tag-nude-photography tag-photo-book-large tag-pioneer-of-photography tag-sport-en tag-work\"><figure class=\"tz-entry-image entry-image\"><a href=\"https:\/\/nucius.org\/en\/photographs\/eadweard-muybridge-the-human-figure-in-motion-sequences-1887-1901\/\" rel=\"bookmark\"><img width=\"1200\" height=\"900\" src=\"https:\/\/nucius.org\/wp-content\/uploads\/2018\/09\/Muybridge_Vorschau_Series.jpg\" class=\"attachment-full size-full wp-post-image\" alt=\"Preview image: The Human Figure in Motion Series\" loading=\"lazy\" srcset=\"https:\/\/nucius.org\/wp-content\/uploads\/2018\/09\/Muybridge_Vorschau_Series.jpg 1200w, https:\/\/nucius.org\/wp-content\/uploads\/2018\/09\/Muybridge_Vorschau_Series-300x225.jpg 300w, https:\/\/nucius.org\/wp-content\/uploads\/2018\/09\/Muybridge_Vorschau_Series-1024x768.jpg 1024w, https:\/\/nucius.org\/wp-content\/uploads\/2018\/09\/Muybridge_Vorschau_Series-768x576.jpg 768w, https:\/\/nucius.org\/wp-content\/uploads\/2018\/09\/Muybridge_Vorschau_Series-840x630.jpg 840w, https:\/\/nucius.org\/wp-content\/uploads\/2018\/09\/Muybridge_Vorschau_Series-440x330.jpg 440w\" sizes=\"(max-width: 1200px) 100vw, 1200px\" \/><\/a><\/figure><header class=\"tz-entry-header entry-header\"><h2 class=\"tz-entry-title entry-title\"><a href=\"https:\/\/nucius.org\/en\/photographs\/eadweard-muybridge-the-human-figure-in-motion-sequences-1887-1901\/\" rel=\"bookmark\">Eadweard Muybridge: The Human Figure in Motion. Sequences (1887\/1901)<\/a><\/h2><\/header><\/article><\/div><div class=\"tz-post-wrap\"><article id=\"post-2708\" class=\"tz-magazine-post post-2708 post tz-type-post status-publish format-standard has-post-thumbnail hentry category-eadweard-muybridge-the-human-figure-in-motion category-photographs category-portrait-people tag-burst-mode tag-chronophotography tag-eadweard-muybridge-en tag-film-pioneer tag-motion-studies tag-nude-photography tag-photo-book-large tag-pioneer-of-photography tag-sport-en tag-work\"><figure class=\"tz-entry-image entry-image\"><a href=\"https:\/\/nucius.org\/en\/photographs\/eadweard-muybridge-the-human-figure-in-motion-miscellaneous-phases-1887-1901\/\" rel=\"bookmark\"><img width=\"1200\" height=\"900\" src=\"https:\/\/nucius.org\/wp-content\/uploads\/2018\/09\/Muybridge_Vorschau_Appendix.jpg\" class=\"attachment-full size-full wp-post-image\" alt=\"Preview image: The Human Figure in Motion Appendix\" loading=\"lazy\" srcset=\"https:\/\/nucius.org\/wp-content\/uploads\/2018\/09\/Muybridge_Vorschau_Appendix.jpg 1200w, https:\/\/nucius.org\/wp-content\/uploads\/2018\/09\/Muybridge_Vorschau_Appendix-300x225.jpg 300w, https:\/\/nucius.org\/wp-content\/uploads\/2018\/09\/Muybridge_Vorschau_Appendix-1024x768.jpg 1024w, https:\/\/nucius.org\/wp-content\/uploads\/2018\/09\/Muybridge_Vorschau_Appendix-768x576.jpg 768w, https:\/\/nucius.org\/wp-content\/uploads\/2018\/09\/Muybridge_Vorschau_Appendix-840x630.jpg 840w, https:\/\/nucius.org\/wp-content\/uploads\/2018\/09\/Muybridge_Vorschau_Appendix-440x330.jpg 440w\" sizes=\"(max-width: 1200px) 100vw, 1200px\" \/><\/a><\/figure><header class=\"tz-entry-header entry-header\"><h2 class=\"tz-entry-title entry-title\"><a href=\"https:\/\/nucius.org\/en\/photographs\/eadweard-muybridge-the-human-figure-in-motion-miscellaneous-phases-1887-1901\/\" rel=\"bookmark\">Eadweard Muybridge: The Human Figure in Motion. Miscellaneous phases (1887\/1901)<\/a><\/h2><\/header><\/article><\/div><\/div><\/div>","protected":false},"excerpt":{"rendered":"<p>Germany around 1900 Pioneers of Photography Eadweard Muybridge: The Human Figure in Motion (1887\/1901)<\/p>\n","protected":false},"author":1,"featured_media":0,"parent":0,"menu_order":1,"comment_status":"closed","ping_status":"closed","template":"templates\/template-fullwidth.php","meta":{"spay_email":""},"jetpack_shortlink":"https:\/\/wp.me\/P5hKuj-34","jetpack-related-posts":[{"id":170,"url":"https:\/\/nucius.org\/ressourcen\/bild\/","url_meta":{"origin":190,"position":0},"title":"Historische Fotografie: Digitalisierte Alben und Bildb\u00e4nde","date":"1. June 2018","format":false,"excerpt":"Deutschland um 1900 Pioniere der Fotografie Eadweard Muybridge: The Human Figure in Motion (1887\/1901)","rel":"","context":"Similar post","img":{"alt_text":"","src":"","width":0,"height":0},"classes":[]},{"id":387,"url":"https:\/\/nucius.org\/schlagworte\/","url_meta":{"origin":190,"position":1},"title":"Schlagworte, Systematik","date":"6. June 2018","format":false,"excerpt":"Die Bilder und Galerien auf dieser Seite sind einerseits \u00fcber die thematisch und zeitlich gestaffelten Kategorien sortiert, lassen sich \u00fcbergreifend allerdings auch \u00fcber einen knappen Schlagwortkatalog recherchieren, der auch ausgew\u00e4hlte geographische und personale Aspekte ber\u00fccksichtigt. A. Geographische Zuordnung 1. L\u00e4nder, Staaten, Gro\u00dfregionen: Deutschland um 1900 2. St\u00e4dte, Orte: Hamburg B.\u2026","rel":"","context":"Similar post","img":{"alt_text":"","src":"","width":0,"height":0},"classes":[]},{"id":2968,"url":"https:\/\/nucius.org\/en\/","url_meta":{"origin":190,"position":2},"title":"Welcome!","date":"20. September 2020","format":false,"excerpt":"Welcome! Nucius.org is a private website focusing on the history of printing, graphics and photography between 1700 and present day. Most of it's content serves personal purposes, but may in some cases be of interest other people (and is therefore publicly accessible). Newest entries","rel":"","context":"Similar post","img":{"alt_text":"","src":"","width":0,"height":0},"classes":[]},{"id":302,"url":"https:\/\/nucius.org\/en\/about\/","url_meta":{"origin":190,"position":3},"title":"About","date":"5. June 2018","format":false,"excerpt":"Nucius.org is a private project on the history of photography, graphics and printing from the 17th to the 20th century. It contains predominantly digital reproductions of historical photographs, prints, engravings, lithographs of the 17th, 18th, 19th and 20th centuries. Some additional stuff is only available in German. Relaunch 2019 Until\u2026","rel":"","context":"Similar post","img":{"alt_text":"","src":"","width":0,"height":0},"classes":[]},{"id":2513,"url":"https:\/\/nucius.org\/ressourcen\/auswahlglossar-mediengeschichte\/auswahlbibliographie-buch-druck-und-graphikgeschichte\/","url_meta":{"origin":190,"position":4},"title":"Auswahlbibliographie Buch-, Druck- und Graphikgeschichte","date":"15. December 2019","format":false,"excerpt":"Noch sehr fragmentarisch, wird erg\u00e4nzt! Im Glossar referenziert, mit weiteren Informationen und Hinweisen zur Forschungsliteratur: Lexikon des gesamten Buchwesens (LGB). Hrsg. von Severin Corsten (bis Bd. 7, danach wechselnd). 9 Bde. 2., v\u00f6llig neu bearb. und erw. Aufl. Stuttgart, Hiersemann 1987-2016. [Aus fachlicher Sicht das Nonplusultra] Reclams Sachlexikon des Buches.\u2026","rel":"","context":"Similar post","img":{"alt_text":"","src":"","width":0,"height":0},"classes":[]},{"id":294,"url":"https:\/\/nucius.org\/en\/contact\/privacy-policy\/","url_meta":{"origin":190,"position":5},"title":"Privacy Policy","date":"5. June 2018","format":false,"excerpt":"Privacy Policy On Nucius.org data protection is of high priority. The use of these Internet pages is in general possible without any indication of personal data; however, if a data subject wants to use special enterprise services via our website, processing of personal data could become necessary. If the processing\u2026","rel":"","context":"Similar post","img":{"alt_text":"","src":"","width":0,"height":0},"classes":[]}],"_links":{"self":[{"href":"https:\/\/nucius.org\/en\/wp-json\/wp\/v2\/pages\/190"}],"collection":[{"href":"https:\/\/nucius.org\/en\/wp-json\/wp\/v2\/pages"}],"about":[{"href":"https:\/\/nucius.org\/en\/wp-json\/wp\/v2\/types\/page"}],"author":[{"embeddable":true,"href":"https:\/\/nucius.org\/en\/wp-json\/wp\/v2\/users\/1"}],"replies":[{"embeddable":true,"href":"https:\/\/nucius.org\/en\/wp-json\/wp\/v2\/comments?post=190"}],"version-history":[{"count":3,"href":"https:\/\/nucius.org\/en\/wp-json\/wp\/v2\/pages\/190\/revisions"}],"predecessor-version":[{"id":3003,"href":"https:\/\/nucius.org\/en\/wp-json\/wp\/v2\/pages\/190\/revisions\/3003"}],"wp:attachment":[{"href":"https:\/\/nucius.org\/en\/wp-json\/wp\/v2\/media?parent=190"}],"curies":[{"name":"wp","href":"https:\/\/api.w.org\/{rel}","templated":true}]}}